{"id":205,"date":"2016-04-07T12:18:19","date_gmt":"2016-04-07T11:18:19","guid":{"rendered":"https:\/\/buffet-crampon.buffet-multisite.buffet-preprod-02.modulodigital.com\/\/?page_id=205"},"modified":"2023-03-07T10:31:57","modified_gmt":"2023-03-07T09:31:57","slug":"ou-nous-trouver","status":"publish","type":"page","link":"http:\/\/besson.buffet-multisite.buffet-preprod-02.modulodigital.com\/fr\/ou-nous-trouver\/","title":{"rendered":"O\u00f9 nous&nbsp;trouver"},"content":{"rendered":"<h2>SI\u00c8GE SOCIAL<\/h2>\n<p>Buffet Crampon<br \/>\n5 rue Maurice Berteaux<br \/>\n78711 MANTES-LA-VILLE &#8211; France<br \/>\nT\u00e9l\u00e9phone : +33 (0)1 30 98 51 30<br \/>\ncontact@buffetcrampon.com<\/p>\n<h2>BUREAUX\u00a0&amp; Showrooms<\/h2>\n<h3>BUFFET CRAMPON FRANCE<\/h3>\n<p><span style=\"text-decoration: underline;\">SHOWROOM BUFFET CRAMPON<\/span><br \/>\n203 bis boulevard Saint Germain<br \/>\n75007 Paris &#8211; France<br \/>\nT\u00e9l\u00e9phone : +33 (0)1 45 48 56 13<br \/>\nshowroom.paris@buffetcrampon.com<\/p>\n<p><span style=\"text-decoration: underline;\">SHOWROOM ANCHES DOUBLES BUFFET CRAMPON ET RIGOUTAT :<br \/>\n<\/span>1 rue de Montalembert<br \/>\n75007 Paris &#8211; France<br \/>\nT\u00e9l\u00e9phone: +33 (0)1 43 22 46 14<\/p>\n<h3>BUFFET CRAMPON CHINE<\/h3>\n<p><span style=\"text-decoration: underline;\">BUREAU :<\/span><br \/>\nXuxinzhuang Industry Park,<br \/>\nTongzhou District,<br \/>\nBeijing, China<br \/>\nT\u00e9l\u00e9phone : +86 10 8357 6226<br \/>\nFax : +86 10 8357 6226<br \/>\ncorporate-china@buffetcrampon.com<br \/>\ncustomerservice.china @ buffetcrampon.com<\/p>\n<p><span style=\"text-decoration: underline;\">SHOWROOMS :<\/span><br \/>\nShowroom Buffet Crampon\u00a0China &#8211; Boerde Music Center<br \/>\nRoom 1005, Tower D<br \/>\n27 Nan San Huan Dong Lu FangZhuang, Fengtai Qu, Beijing Shi<br \/>\nBeijing, China<\/p>\n<p>Showroom Buffet Crampon\u00a0China &#8212; Xusheng Musical Instruments<br \/>\nBuilding 8, Unit 2, Room 102<br \/>\n100 Zi Zhu Yuan Lu, Haidian Qu, Beijing Shi<br \/>\nBeijing, China<\/p>\n<h3>BUFFET CRAMPON ALLEMAGNE<\/h3>\n<p><span style=\"text-decoration: underline;\">BUREAU :<\/span><br \/>\nGewerbepark 52-54<br \/>\n08258 Markneukirchen &#8211; Allemagne<br \/>\nMobile : +49 (0) 37422 \/ 4079 \u2013 0<br \/>\nFax : +49 (0)37422 4079-599<br \/>\ndeutschland@buffetcrampon.com<\/p>\n<p><span style=\"text-decoration: underline;\">SHOWROOM :<\/span><br \/>\nSeniweg 4<br \/>\n82538 GERETSRIED &#8211; Allemagne<br \/>\nT\u00e9l\u00e9phone :\u00a0+49 (0)8171 9218728<br \/>\nshowroom.munich@buffetcrampon.com<\/p>\n<h3>BUFFET CRAMPON JAPON<\/h3>\n<p><span style=\"text-decoration: underline;\">BUREAU &amp; SHOWROOM :<\/span><br \/>\n8-17, Tokyo-4-koto-ku<br \/>\n135-0016 TOKYO &#8211; Japon<br \/>\nT\u00e9l\u00e9phone :\u00a0+81 3 5632 5511<br \/>\nshowroom.tokyo@buffetcrampon.com<\/p>\n<h3>BUFFET CRAMPON USA<\/h3>\n<p><span style=\"text-decoration: underline;\">BUREAU :<\/span><br \/>\n7255 Salisbury Road, Suite 4<br \/>\nJacksonville \u2013 FL 32256 -USA<br \/>\nT\u00e9l\u00e9phone :\u00a0+1 904 821 0234<br \/>\ncorporate-usa@buffetcrampon.com<\/p>\n<h3>BUFFET CRAMPON CANADA<\/h3>\n<p><span style=\"text-decoration: underline;\">BUREAU :<\/span><br \/>\nA152-1470 Rue Peel<br \/>\nMontreal, QC H3A 1T1 &#8211; Canada<br \/>\ncorporate-canada@buffetcrampon.com<\/p>\n<h3>BUFFET CRAMPON PAYS-BAS<\/h3>\n<p><span style=\"text-decoration: underline;\">SHOWROOM:<\/span><br \/>\nVan Baerlestraat 130<br \/>\n1071 BD Amsterdam, Netherlands<br \/>\nT\u00e9l\u00e9phone: +31 20 786 7946<br \/>\nshowroom.amsterdam@buffetcrampon.com<\/p>\n<h2>ATELIERS DE FABRICATION<\/h2>\n<ul>\n<li>Fabrication des clarinettes, hautbois, bassons et saxophones professionnels Buffet Crampon :<br \/>\n5 rue Maurice Berteaux<br \/>\n78711 Mantes la Ville &#8211; France<\/li>\n<li>Fabrication des clarinettes et hautbois d\u2019\u00e9tude Buffet Crampon, et des instruments Julius Keilwerth, W. Schreiber, Besson, J. Scherzer, B&amp;S, Hans Hoyer et Antoine Courtois :<br \/>\nGewerbepark 52-54<br \/>\n08258 Markneukirchen &#8211;\u00a0Allemagne<\/li>\n<li>Fabrication de la marque Melton Meinl Weston et des cors triple Hans Hoyer :<br \/>\nSeriweg 4<br \/>\nD-82538 Geretsried \u2013 Allemagne<\/li>\n<\/ul>\n<h2>VOS CONTACTS<\/h2>\n<div class='cols w3col'>\n<div class='col'>\n<div class='col-wrap'>\n<h3>AFRIQUE AND MOYEN-ORIENT<\/h3>\n<p>Olivier Auclair<br \/>\nolivier.auclair@buffetcrampon.com<br \/>\nMobile :\u00a0+33 (0)6 74942809<\/p>\n<\/div>\n<\/div>\n<div class='col'>\n<div class='col-wrap'>\n<h3>AM\u00c9RIQUE DU SUD<\/h3>\n<p><span style=\"text-decoration: underline;\">AMERIQUE CENTRALE (except\u00e9 PEROU et EQUATEUR)<br \/>\nCOLOMBIE \/ COSTA RICA \/ VENEZUELA \/ MEXIQUE \/ CARA\u00cfBES<\/span><br \/>\nCamilo Jimenez Vera<br \/>\ncamilo.jimenez@buffetcrampon.com<br \/>\nMobile : +57 316 229 18 63<\/p>\n<p><span style=\"text-decoration: underline;\">AMERIQUE DU SUD (except\u00e9 COLOMBIE et VENEZUELA)<\/span><br \/>\nMartin D&rsquo;Auria<br \/>\nmartin.dauria@buffetcrampon.com<br \/>\nMobile: +54 9 11 2332-4066<\/p>\n<\/div>\n<\/div>\n<div class='col'>\n<div class='col-wrap'>\n<h3>ASIE (HORS JAPON &amp; CHINE)<\/h3>\n<p>Olivier Auclair<br \/>\nolivier.auclair@buffetcrampon.com<br \/>\nMobile :\u00a0+33 (0)6 74942809<\/p>\n<\/div>\n<\/div>\n<\/div>\n<div class='cols w3col'>\n<div class='col'>\n<div class='col-wrap'>\n<h3>AUSTRALIE &amp;\u00a0NOUVELLE Z\u00c9LANDE<\/h3>\n<p>Christopher Thomson<br \/>\nchristopher.thomson@buffetcrampon.com<br \/>\nMobile :+ 61 (0) 437 959 006<\/p>\n<\/div>\n<\/div>\n<div class='col'>\n<div class='col-wrap'>\n<h3>BENELUX<\/h3>\n<p>Jan Jansen<br \/>\njan.jansen@buffetcrampon.com<br \/>\nMobile : +31 (0)651 379612<\/p>\n<\/div>\n<\/div>\n<div class='col'>\n<div class='col-wrap'>\n<h3>CANADA<\/h3>\n<p>Jack Dring<br \/>\njack.dring@buffetcrampon.com<br \/>\nMobile : +1 416 529 6072<\/p>\n<\/div>\n<\/div>\n<\/div>\n<div class='cols w3col'>\n<div class='col'>\n<div class='col-wrap'>\n<h3>ALLEMAGNE &amp; AUTRICHE<\/h3>\n<p><span style=\"text-decoration: underline;\">Est de l&rsquo;Allemagne &amp; en partie au Sud et au Nord (code postal 0, 1, 80 \u2013 86, 9)<\/span><br \/>\nTom Kaschubowski<br \/>\ntom.kaschubowski@buffetcrampon.com<\/p>\n<p><span style=\"text-decoration: underline;\">Sud de l&rsquo;Allemagne (code postal 7, 86 \u2013 89)<\/span><br \/>\n<span style=\"text-decoration: underline;\">Autriche<\/span><br \/>\nPatrick La Venia<br \/>\npatrick.lavenia@buffetcrampon.com<\/p>\n<p><span style=\"text-decoration: underline;\">Nord &amp; Ouest de l&rsquo;Allemagne (code postal 2-6)<\/span><br \/>\nMichael Molter<br \/>\nmichael.molter@buffetcrampon.com<\/p>\n<\/div>\n<\/div>\n<div class='col'>\n<div class='col-wrap'>\n<h3>EUROPE DE L&rsquo;EST<\/h3>\n<p><span style=\"text-decoration: underline;\">Arm\u00e9nie, Azerba\u00efdjan, Belarus, R\u00e9publique Tch\u00e8que, Estonie, G\u00e9orgie, Kazakhstan, Kirghizistan, Lettonie, Lituanie, Mongolie, Pologne, \u00a0Russie, Slovaquie, Tadzhikistan, Turkm\u00e9nistan, Ukraine, Ouzb\u00e9kistan<\/span><br \/>\nJi\u0159\u00ed Ciller<br \/>\njiri.ciller@buffetcrampon.com<br \/>\nMobile: +420 777 294 739<\/p>\n<p><span style=\"text-decoration: underline;\">Slov\u00e9nie, Croatie, Hongrie, Roumanie, Moldavie, Bulgarie, Mac\u00e9doine, Albanie, Bosnie-Herz\u00e9govine, Mont\u00e9n\u00e9gro, Serbie<\/span><br \/>\nKostja Avsec<br \/>\nkostja.avsec@buffetcrampon.com<br \/>\nMobile: +386 30 450 949<\/p>\n<p><span style=\"text-decoration: underline;\">Senior Director Sales &amp; Marketing<br \/>\nBuffet Crampon Deutschland GmbH<br \/>\nSeniweg 4; 82538 Geretsried<\/span><br \/>\nVolkmar K\u00fchnle<br \/>\nvolkmar.kuehnle@buffetcrampon.com<br \/>\nMobile: +491 755 871 499<\/p>\n<\/div>\n<\/div>\n<div class='col'>\n<div class='col-wrap'>\n<h3>ESPAGNE &amp; PORTUGAL<\/h3>\n<p>Jose Tomas<br \/>\njose.tomas@buffetcrampon.com<br \/>\nMobile: +34 678 069 925<\/p>\n<p>S\u00e9rgio Santos<br \/>\nsergio.santos@buffetcrampon.com<br \/>\nMobile: +351 936 186 520<\/p>\n<\/div>\n<\/div>\n<\/div>\n<div class='cols w3col'>\n<div class='col'>\n<div class='col-wrap'>\n<h3>FRANCE<\/h3>\n<p>Vincent Nackaert<br \/>\nvincent.nackaert@buffetcrampon.com<br \/>\nMobile : +33 (0)6 84 51 52 77<\/p>\n<p>Jean-Jacques Odienne<br \/>\njean-jacques.odienne@buffetcrampon.com<br \/>\nMobile : +33 (0)6 86 64 45 67<\/p>\n<p>Nikola\u00ef Sikorski<br \/>\nnikolai.sikorski@buffetcrampon.com<br \/>\nMobile : + 33 (0)6 89 63 06 89<\/p>\n<\/div>\n<\/div>\n<div class='col'>\n<div class='col-wrap'>\n<h3>ITALIE, GR\u00c8CE, CHYPRE, MALTE<\/h3>\n<p>Giuseppe Scattarreggia<br \/>\ngiussepe.scattarregia@buffetcrampon.com<br \/>\nMobile : +39 3 3524 4606<\/p>\n<\/div>\n<\/div>\n<div class='col'>\n<div class='col-wrap'>\n<h3>\u00c9tats-Unis<\/h3>\n<p><span style=\"text-decoration: underline;\"> CENTRAL PLAINS TERRITORY (IA, KS, MN, NE, ND, SD)<\/span><br \/>\nDeclan Lynch<br \/>\ndeclan.lynch@buffetcrampon.com<br \/>\nMobile: +1 612 417 6364<\/p>\n<\/div>\n<\/div>\n<\/div>\n<div class='cols w3col'>\n<div class='col'>\n<div class='col-wrap'>\n<h3>\u00c9tats-Unis<\/h3>\n<p>MIDWEST TERRITORY (IL, IN, KY, MI, OH, WI)<br \/>\nBenjamin Myers<br \/>\nbenjamin.myers@buffetcrampon.com<br \/>\nMobile: +1 615 485 9049<\/p>\n<p>&nbsp;<\/p>\n<p><span style=\"text-decoration: underline;\">CENTRAL PLAINS TERRITORY (IA, KS, MN, NE, ND, SD)<\/span><br \/>\nJack Dring<br \/>\njack.dring@buffetcrampon.com<br \/>\nMobile: +1 416 529 6072<\/p>\n<\/div>\n<\/div>\n<div class='col'>\n<div class='col-wrap'>\n<h3>\u00c9tats-Unis<\/h3>\n<p><span style=\"text-decoration: underline;\">SOUTHWEST TERRITORY (TX, OK, AR, LA)<\/span><\/p>\n<p>Donnie Todd<\/p>\n<p>donnie.todd@buffetcrampon.com<\/p>\n<p>Mobile : +1 904 485 0349<\/p>\n<p><span style=\"text-decoration: underline;\">MID-ATLANTIC TERRITORY (DC, DE, MD, PA, VA, WV)<\/span><br \/>\nKurt Wittstadt<br \/>\nKurt.wittstadt@buffetcrampon.com<br \/>\nMobile: +1 443 564 0225<\/p>\n<p><span style=\"text-decoration: underline;\">NORTHEAST TERRITORY (CT, MA, ME, NH, NJ, NY, RI, VT)<\/span><br \/>\nChris Coppinger<br \/>\nchris.coppinger@buffetcrampon.com<br \/>\nMobile: +1 516 815 5222<\/p>\n<p><span style=\"text-decoration: underline;\">INSIDE SALES TERRITORY (NM, CO, UT, MT, WY, MS, AL, TN and Puerto Rico)<\/span><br \/>\nAlex Marino<br \/>\nalex.marino@buffetcrampon.com<br \/>\nMobile: +1 904 504 2785<\/p>\n<\/div>\n<\/div>\n<div class='col'>\n<div class='col-wrap'>\n<h3>\u00c9tats-Unis<\/h3>\n<p><span style=\"text-decoration: underline;\">WEST COAST TERRITORY (AK, AZ, CA, HI, ID, NV, OR, WA)<\/span><br \/>\nCALL Customer Service<br \/>\nOffice: +1 904 821-0234<\/p>\n<p><span style=\"text-decoration: underline;\">EAST COAST TERRITORY (FL, GA, SC, NC, DC, DE, MD, PA, VA, WV)<\/span><br \/>\nKurt Wittstadt<br \/>\nkurt.wittstadt@buffetcrampon.com<br \/>\nMobile: +1 443 564 0225<\/p>\n<p><span style=\"text-decoration: underline;\">PRODUCT QUESTIONS<\/span><br \/>\nWoodwind<br \/>\nwoodwindUSA@buffetcrampon.com<\/p>\n<p>Brass<br \/>\nhigh-brassUSA@buffetcrampon.com<br \/>\nlow-brassUSA@buffetcrampon.com<\/p>\n<\/div>\n<\/div>\n<\/div>\n<div class='cols w3col'>\n<div class='col'>\n<div class='col-wrap'>\n<h3>Royaume-Uni<\/h3>\n<p>Lyndon Chapman<br \/>\nlyndon.chapman@buffetcrampon.com<br \/>\nMobile: +44 (0)7899 918074<\/p>\n<p>Euan Meikle<br \/>\neuan.meikle@buffetcrampon.com<br \/>\nMobile: +44 (0)7368 915228<\/p>\n<\/div>\n<\/div>\n<div class='col'>\n<div class='col-wrap'>\n<h3>Scandinavie<\/h3>\n<p>Geir Lorentzen<br \/>\ngeir.lorentzen@buffetcrampon.com<br \/>\nMobile: +47\u00a0950 22\u00a0770<\/p>\n<\/div>\n<\/div>\n<div class='col'>\n<div class='col-wrap'>\n<h3>Suisse<\/h3>\n<p>Valentin Oberson<br \/>\nvalentin.oberson@buffetcrampon.com<br \/>\nMobile: +41 (0) 76 248 68 57<\/p>\n<\/div>\n<\/div>\n<\/div>\n","protected":false},"excerpt":{"rendered":"<p>SI\u00c8GE SOCIAL Buffet Crampon 5 rue Maurice Berteaux 78711 MANTES-LA-VILLE &#8211; France T\u00e9l\u00e9phone : +33 (0)1 30 98 51 30 contact@buffetcrampon.com BUREAUX\u00a0&amp; Showrooms BUFFET CRAMPON FRANCE SHOWROOM BUFFET CRAMPON 203 bis boulevard Saint Germain 75007 Paris &#8211; France T\u00e9l\u00e9phone : +33 (0)1 45 48 56 13 showroom.paris@buffetcrampon.com SHOWROOM ANCHES DOUBLES BUFFET CRAMPON ET RIGOUTAT : [&hellip;]<\/p>\n","protected":false},"author":12,"featured_media":0,"parent":0,"menu_order":0,"comment_status":"closed","ping_status":"closed","template":"","meta":{"_acf_changed":false,"_relevanssi_hide_post":"","_relevanssi_pin_for_all":"","_relevanssi_pin_keywords":"","_relevanssi_unpin_keywords":"","_relevanssi_related_keywords":"","_relevanssi_related_include_ids":"","_relevanssi_related_exclude_ids":"","_relevanssi_related_no_append":"","_relevanssi_related_not_related":"","_relevanssi_related_posts":"","_relevanssi_noindex_reason":"","footnotes":""},"class_list":["post-205","page","type-page","status-publish","hentry"],"acf":[],"_links":{"self":[{"href":"http:\/\/besson.buffet-multisite.buffet-preprod-02.modulodigital.com\/fr\/wp-json\/wp\/v2\/pages\/205","targetHints":{"allow":["GET"]}}],"collection":[{"href":"http:\/\/besson.buffet-multisite.buffet-preprod-02.modulodigital.com\/fr\/wp-json\/wp\/v2\/pages"}],"about":[{"href":"http:\/\/besson.buffet-multisite.buffet-preprod-02.modulodigital.com\/fr\/wp-json\/wp\/v2\/types\/page"}],"author":[{"embeddable":true,"href":"http:\/\/besson.buffet-multisite.buffet-preprod-02.modulodigital.com\/fr\/wp-json\/wp\/v2\/users\/12"}],"replies":[{"embeddable":true,"href":"http:\/\/besson.buffet-multisite.buffet-preprod-02.modulodigital.com\/fr\/wp-json\/wp\/v2\/comments?post=205"}],"version-history":[{"count":66,"href":"http:\/\/besson.buffet-multisite.buffet-preprod-02.modulodigital.com\/fr\/wp-json\/wp\/v2\/pages\/205\/revisions"}],"predecessor-version":[{"id":5595,"href":"http:\/\/besson.buffet-multisite.buffet-preprod-02.modulodigital.com\/fr\/wp-json\/wp\/v2\/pages\/205\/revisions\/5595"}],"wp:attachment":[{"href":"http:\/\/besson.buffet-multisite.buffet-preprod-02.modulodigital.com\/fr\/wp-json\/wp\/v2\/media?parent=205"}],"curies":[{"name":"wp","href":"https:\/\/api.w.org\/{rel}","templated":true}]}}