{"id":718,"date":"2016-05-14T18:09:49","date_gmt":"2016-05-14T17:09:49","guid":{"rendered":"https:\/\/besson.buffet-multisite.buffet-preprod-02.modulodigital.com\/ja\/instrument-registration\/"},"modified":"2016-05-14T18:11:27","modified_gmt":"2016-05-14T17:11:27","slug":"instrument-registration","status":"publish","type":"page","link":"http:\/\/besson.buffet-multisite.buffet-preprod-02.modulodigital.com\/ja\/instrument-registration\/","title":{"rendered":"Instrument Registration"},"content":{"rendered":"<p><strong>Dear Musician,<\/strong><\/p>\n<p>We thank you for choosing\u00a0Besson.<br \/>\nWe know your instrument is precious and\u00a0deserves respect and the best of care.<br \/>\nBelow are\u00a0simple instructions regarding your instrument\u2019s use, its maintenance and its guarantee.\u00a0Please\u00a0read it carefully and\u00a0do not hesitate to contact any of our resellers for advice.<\/p>\n<p><strong>Contractual Guarantee Granted by\u00a0Besson<\/strong><br \/>\n1. All Besson\u00a0instruments are covered by a two (2) year guarantee upon the date of purchase, against all manufacturing or material defects.<\/p>\n<p>2.The contractual guarantee granted by Besson\u00a0does not cover:<\/p>\n<p>a\/ Damages caused by an external event (such as mold due to atmospheric conditions or corrosive effects due to sweat or saliva), nor parts subject to wear and tear such as pads.<\/p>\n<p>b\/ Damages caused by an improper use of the instrument, meaning the disrespect of care and maintenance instructions.<\/p>\n<p>c\/ Damages due to any physical influence.<\/p>\n<p>d\/ Instruments handled by a non-authorized person, prior to the guarantee claim<\/p>\n<p>3. The guarantee becomes effective from the date of the instrument purchase, as mentioned on the invoice issued by the seller. The client is advised to fill in this guarantee registration form on the website (section \u201cRegister My Instrument\u201d), immediately after the purchase.<\/p>\n<p>4. Any guarantee claim shall include a copy of the invoice, and shall be sent, within four (4) weeks, to the seller or to the following address:<\/p>\n<p>Buffet Crampon, 5 rue Maurice Berteaux 78711 Mantes-la-Ville &#8211; France<\/p>\n<p>The instrument transport to the repair location and its return are made at the sole risk of the client. As a consequence, costs and risks for loss or damages during transports are not covered by the contractual guarantee.<\/p>\n<form method=\"post\" enctype=\"multipart\/form-data\" id=\"vfbp-form-1\" class=\"vfbp-form\">\n<div style=\"display:none;\"><label for=\"vfbp-EMAIL-AN8fuQyoDLXem\">If you are human, leave this field blank.<\/label><input size=\"25\" autocomplete=\"off\" type=\"text\" name=\"vfbp-EMAIL-AN8fuQyoDLXem\" value=\"\" id=\"\"><\/div>\n<p><input type=\"hidden\" name=\"_vfb-timestamp-1\" value=\"1775296448\" id=\"\"><input type=\"hidden\" name=\"_vfb-form-id\" value=\"1\" id=\"\"><\/p>\n<div class=\"vfb-form-group vfb-col-12\">\n<div>\n<div class=\"\">Enregistrez votre instrument<\/div>\n<\/div>\n<\/div>\n<div class=\"vfb-col-12 vfb-fieldType-heading\" id=\"vfbField11\"><\/div>\n<div class=\"vfb-clearfix\"><\/div>\n<div class=\"vfb-col-12 vfb-fieldType-text\" id=\"vfbField5\">\n<div class=\"vfb-form-group\"><label for=\"vfb-field-5\" class=\"vfb-control-label\">Nom<\/label><\/p>\n<div><input id=\"vfb-field-5\" class=\"vfb-form-control\" placeholder=\"\" type=\"text\" name=\"vfb-field-5\" value=\"\"><\/div>\n<\/div>\n<\/div>\n<div class=\"vfb-clearfix\"><\/div>\n<div class=\"vfb-col-12 vfb-fieldType-text\" id=\"vfbField6\">\n<div class=\"vfb-form-group\"><label for=\"vfb-field-6\" class=\"vfb-control-label\">Pr\u00e9nom<\/label><\/p>\n<div><input id=\"vfb-field-6\" class=\"vfb-form-control\" placeholder=\"\" type=\"text\" name=\"vfb-field-6\" value=\"\"><\/div>\n<\/div>\n<\/div>\n<div class=\"vfb-clearfix\"><\/div>\n<div class=\"vfb-col-12 vfb-fieldType-email\" id=\"vfbField7\">\n<div class=\"vfb-form-group\"><label for=\"vfb-field-7\" class=\"vfb-control-label\">Email<\/label><\/p>\n<div><input id=\"vfb-field-7\" class=\"vfb-form-control\" placeholder=\"\" type=\"email\" name=\"vfb-field-7\" value=\"\"><\/div>\n<\/div>\n<\/div>\n<div class=\"vfb-clearfix\"><\/div>\n<div class=\"vfb-col-12 vfb-fieldType-address\" id=\"vfbField37\">\n<div class=\"vfb-form-group\"><label for=\"vfb-field-37\" class=\"vfb-control-label\">Adresse<\/label><\/p>\n<div class=\"vfb-address-block\" id=\"vfb-field-37\">\n<div class=\"vfb-form-group\" style=\"\"><input id=\"vfb-field-37-address-1\" class=\"vfb-form-control vfb-addresspart-address-1\" placeholder=\"\" type=\"text\" name=\"vfb-field-37[address-1]\"><\/div>\n<div class=\"vfb-form-group\" style=\"\"><label for=\"vfb-field-37-address-2\" class=\"vfb-address-label\">Apt, suite, etc.<\/label><input id=\"vfb-field-37-address-2\" class=\"vfb-form-control vfb-addresspart-address-2\" placeholder=\"\" type=\"text\" name=\"vfb-field-37[address-2]\"><\/div>\n<div class=\"vfb-form-group\" style=\"\"><label for=\"vfb-field-37-country\" class=\"vfb-address-label\">Country<\/label><select id=\"vfb-field-37-country\" class=\"vfb-form-control vfb-addresspart-country\" placeholder=\"\" name=\"vfb-field-37[country]\"><option value=\"US\" selected='selected'>United States (US)<\/option><option value=\"GB\">United Kingdom (UK)<\/option><option value=\"CA\">Canada<\/option><option value=\"AU\">Australia<\/option><option value=\"\">---<\/option><option value=\"AF\">Afghanistan<\/option><option value=\"AX\">&#197;land Islands<\/option><option value=\"AL\">Albania<\/option><option value=\"DZ\">Algeria<\/option><option value=\"AD\">Andorra<\/option><option value=\"AO\">Angola<\/option><option value=\"AI\">Anguilla<\/option><option value=\"AQ\">Antarctica<\/option><option value=\"AG\">Antigua and Barbuda<\/option><option value=\"AR\">Argentina<\/option><option value=\"AM\">Armenia<\/option><option value=\"AW\">Aruba<\/option><option value=\"AS\">American Samoa<\/option><option value=\"AT\">Austria<\/option><option value=\"AZ\">Azerbaijan<\/option><option value=\"BS\">Bahamas<\/option><option value=\"BH\">Bahrain<\/option><option value=\"BD\">Bangladesh<\/option><option value=\"BB\">Barbados<\/option><option value=\"BY\">Belarus<\/option><option value=\"BE\">Belgium<\/option><option value=\"PW\">Belau<\/option><option value=\"BZ\">Belize<\/option><option value=\"BJ\">Benin<\/option><option value=\"BM\">Bermuda<\/option><option value=\"BT\">Bhutan<\/option><option value=\"BO\">Bolivia<\/option><option value=\"BQ\">Bonaire, Saint Eustatius and Saba<\/option><option value=\"BA\">Bosnia and Herzegovina<\/option><option value=\"BW\">Botswana<\/option><option value=\"BV\">Bouvet Island<\/option><option value=\"BR\">Brazil<\/option><option value=\"IO\">British Indian Ocean Territory<\/option><option value=\"VG\">British Virgin Islands<\/option><option value=\"BN\">Brunei<\/option><option value=\"BG\">Bulgaria<\/option><option value=\"BF\">Burkina Faso<\/option><option value=\"BI\">Burundi<\/option><option value=\"KH\">Cambodia<\/option><option value=\"CM\">Cameroon<\/option><option value=\"CV\">Cape Verde<\/option><option value=\"KY\">Cayman Islands<\/option><option value=\"CF\">Central African Republic<\/option><option value=\"TD\">Chad<\/option><option value=\"CL\">Chile<\/option><option value=\"CN\">China<\/option><option value=\"CX\">Christmas Island<\/option><option value=\"CC\">Cocos (Keeling) Islands<\/option><option value=\"CO\">Colombia<\/option><option value=\"KM\">Comoros<\/option><option value=\"CG\">Congo (Brazzaville)<\/option><option value=\"CD\">Congo (Kinshasa)<\/option><option value=\"CK\">Cook Islands<\/option><option value=\"CR\">Costa Rica<\/option><option value=\"HR\">Croatia<\/option><option value=\"CU\">Cuba<\/option><option value=\"CW\">Cura&Ccedil;ao<\/option><option value=\"CY\">Cyprus<\/option><option value=\"CZ\">Czech Republic<\/option><option value=\"DK\">Denmark<\/option><option value=\"DJ\">Djibouti<\/option><option value=\"DM\">Dominica<\/option><option value=\"DO\">Dominican Republic<\/option><option value=\"EC\">Ecuador<\/option><option value=\"EG\">Egypt<\/option><option value=\"SV\">El Salvador<\/option><option value=\"GQ\">Equatorial Guinea<\/option><option value=\"ER\">Eritrea<\/option><option value=\"EE\">Estonia<\/option><option value=\"ET\">Ethiopia<\/option><option value=\"FK\">Falkland Islands<\/option><option value=\"FO\">Faroe Islands<\/option><option value=\"FJ\">Fiji<\/option><option value=\"FI\">Finland<\/option><option value=\"FR\">France<\/option><option value=\"GF\">French Guiana<\/option><option value=\"PF\">French Polynesia<\/option><option value=\"TF\">French Southern Territories<\/option><option value=\"GA\">Gabon<\/option><option value=\"GM\">Gambia<\/option><option value=\"GE\">Georgia<\/option><option value=\"DE\">Germany<\/option><option value=\"GH\">Ghana<\/option><option value=\"GI\">Gibraltar<\/option><option value=\"GR\">Greece<\/option><option value=\"GL\">Greenland<\/option><option value=\"GD\">Grenada<\/option><option value=\"GP\">Guadeloupe<\/option><option value=\"GT\">Guatemala<\/option><option value=\"GG\">Guernsey<\/option><option value=\"GN\">Guinea<\/option><option value=\"GW\">Guinea-Bissau<\/option><option value=\"GY\">Guyana<\/option><option value=\"HT\">Haiti<\/option><option value=\"HM\">Heard Island and McDonald Islands<\/option><option value=\"HN\">Honduras<\/option><option value=\"HK\">Hong Kong<\/option><option value=\"HU\">Hungary<\/option><option value=\"IS\">Iceland<\/option><option value=\"IN\">India<\/option><option value=\"ID\">Indonesia<\/option><option value=\"IR\">Iran<\/option><option value=\"IQ\">Iraq<\/option><option value=\"IE\">Republic of Ireland<\/option><option value=\"IM\">Isle of Man<\/option><option value=\"IL\">Israel<\/option><option value=\"IT\">Italy<\/option><option value=\"CI\">Ivory Coast<\/option><option value=\"JM\">Jamaica<\/option><option value=\"JP\">Japan<\/option><option value=\"JE\">Jersey<\/option><option value=\"JO\">Jordan<\/option><option value=\"KZ\">Kazakhstan<\/option><option value=\"KE\">Kenya<\/option><option value=\"KI\">Kiribati<\/option><option value=\"KW\">Kuwait<\/option><option value=\"KG\">Kyrgyzstan<\/option><option value=\"LA\">Laos<\/option><option value=\"LV\">Latvia<\/option><option value=\"LB\">Lebanon<\/option><option value=\"LS\">Lesotho<\/option><option value=\"LR\">Liberia<\/option><option value=\"LY\">Libya<\/option><option value=\"LI\">Liechtenstein<\/option><option value=\"LT\">Lithuania<\/option><option value=\"LU\">Luxembourg<\/option><option value=\"MO\">Macao S.A.R., China<\/option><option value=\"MK\">Macedonia<\/option><option value=\"MG\">Madagascar<\/option><option value=\"MW\">Malawi<\/option><option value=\"MY\">Malaysia<\/option><option value=\"MV\">Maldives<\/option><option value=\"ML\">Mali<\/option><option value=\"MT\">Malta<\/option><option value=\"MH\">Marshall Islands<\/option><option value=\"MQ\">Martinique<\/option><option value=\"MR\">Mauritania<\/option><option value=\"MU\">Mauritius<\/option><option value=\"YT\">Mayotte<\/option><option value=\"MX\">Mexico<\/option><option value=\"FM\">Micronesia<\/option><option value=\"MD\">Moldova<\/option><option value=\"MC\">Monaco<\/option><option value=\"MN\">Mongolia<\/option><option value=\"ME\">Montenegro<\/option><option value=\"MS\">Montserrat<\/option><option value=\"MA\">Morocco<\/option><option value=\"MZ\">Mozambique<\/option><option value=\"MM\">Myanmar<\/option><option value=\"NA\">Namibia<\/option><option value=\"NR\">Nauru<\/option><option value=\"NP\">Nepal<\/option><option value=\"NL\">Netherlands<\/option><option value=\"AN\">Netherlands Antilles<\/option><option value=\"NC\">New Caledonia<\/option><option value=\"NZ\">New Zealand<\/option><option value=\"NI\">Nicaragua<\/option><option value=\"NE\">Niger<\/option><option value=\"NG\">Nigeria<\/option><option value=\"NU\">Niue<\/option><option value=\"NF\">Norfolk Island<\/option><option value=\"KP\">North Korea<\/option><option value=\"NO\">Norway<\/option><option value=\"OM\">Oman<\/option><option value=\"PK\">Pakistan<\/option><option value=\"PS\">Palestinian Territory<\/option><option value=\"PA\">Panama<\/option><option value=\"PG\">Papua New Guinea<\/option><option value=\"PY\">Paraguay<\/option><option value=\"PE\">Peru<\/option><option value=\"PH\">Philippines<\/option><option value=\"PN\">Pitcairn<\/option><option value=\"PL\">Poland<\/option><option value=\"PT\">Portugal<\/option><option value=\"QA\">Qatar<\/option><option value=\"RE\">Reunion<\/option><option value=\"RO\">Romania<\/option><option value=\"RU\">Russia<\/option><option value=\"RW\">Rwanda<\/option><option value=\"BL\">Saint Barth&eacute;lemy<\/option><option value=\"SH\">Saint Helena<\/option><option value=\"KN\">Saint Kitts and Nevis<\/option><option value=\"LC\">Saint Lucia<\/option><option value=\"MF\">Saint Martin (French part)<\/option><option value=\"SX\">Saint Martin (Dutch part)<\/option><option value=\"PM\">Saint Pierre and Miquelon<\/option><option value=\"VC\">Saint Vincent and the Grenadines<\/option><option value=\"SM\">San Marino<\/option><option value=\"ST\">S&atilde;o Tom&eacute; and Pr&iacute;ncipe<\/option><option value=\"SA\">Saudi Arabia<\/option><option value=\"SN\">Senegal<\/option><option value=\"RS\">Serbia<\/option><option value=\"SC\">Seychelles<\/option><option value=\"SL\">Sierra Leone<\/option><option value=\"SG\">Singapore<\/option><option value=\"SK\">Slovakia<\/option><option value=\"SI\">Slovenia<\/option><option value=\"SB\">Solomon Islands<\/option><option value=\"SO\">Somalia<\/option><option value=\"ZA\">South Africa<\/option><option value=\"GS\">South Georgia\/Sandwich Islands<\/option><option value=\"KR\">South Korea<\/option><option value=\"SS\">South Sudan<\/option><option value=\"ES\">Spain<\/option><option value=\"LK\">Sri Lanka<\/option><option value=\"SD\">Sudan<\/option><option value=\"SR\">Suriname<\/option><option value=\"SJ\">Svalbard and Jan Mayen<\/option><option value=\"SZ\">Swaziland<\/option><option value=\"SE\">Sweden<\/option><option value=\"CH\">Switzerland<\/option><option value=\"SY\">Syria<\/option><option value=\"TW\">Taiwan<\/option><option value=\"TJ\">Tajikistan<\/option><option value=\"TZ\">Tanzania<\/option><option value=\"TH\">Thailand<\/option><option value=\"TL\">Timor-Leste<\/option><option value=\"TG\">Togo<\/option><option value=\"TK\">Tokelau<\/option><option value=\"TO\">Tonga<\/option><option value=\"TT\">Trinidad and Tobago<\/option><option value=\"TN\">Tunisia<\/option><option value=\"TR\">Turkey<\/option><option value=\"TM\">Turkmenistan<\/option><option value=\"TC\">Turks and Caicos Islands<\/option><option value=\"TV\">Tuvalu<\/option><option value=\"UG\">Uganda<\/option><option value=\"UA\">Ukraine<\/option><option value=\"AE\">United Arab Emirates<\/option><option value=\"UY\">Uruguay<\/option><option value=\"UZ\">Uzbekistan<\/option><option value=\"VU\">Vanuatu<\/option><option value=\"VA\">Vatican<\/option><option value=\"VE\">Venezuela<\/option><option value=\"VN\">Vietnam<\/option><option value=\"WF\">Wallis and Futuna<\/option><option value=\"EH\">Western Sahara<\/option><option value=\"WS\">Western Samoa<\/option><option value=\"YE\">Yemen<\/option><option value=\"ZM\">Zambia<\/option><option value=\"ZW\">Zimbabwe<\/option><\/select><\/div>\n<div class=\"vfb-form-group\" style=\"\"><label for=\"vfb-field-37-city\" class=\"vfb-address-label\">City<\/label><input id=\"vfb-field-37-city\" class=\"vfb-form-control vfb-addresspart-city\" placeholder=\"\" type=\"text\" name=\"vfb-field-37[city]\"><\/div>\n<div class=\"vfb-form-group\" style=\"\"><label for=\"vfb-field-37-province\" class=\"vfb-address-label\">State<\/label><select id=\"vfb-field-37-province\" class=\"vfb-form-control vfb-addresspart-province\" placeholder=\"\" name=\"vfb-field-37[province]\"><option value=\"\"><\/option><option value=\"AL\">Alabama<\/option><option value=\"AK\">Alaska<\/option><option value=\"AZ\">Arizona<\/option><option value=\"AR\">Arkansas<\/option><option value=\"CA\">California<\/option><option value=\"CO\">Colorado<\/option><option value=\"CT\">Connecticut<\/option><option value=\"DE\">Delaware<\/option><option value=\"DC\">District Of Columbia<\/option><option value=\"FL\">Florida<\/option><option value=\"GA\">Georgia<\/option><option value=\"HI\">Hawaii<\/option><option value=\"ID\">Idaho<\/option><option value=\"IL\">Illinois<\/option><option value=\"IN\">Indiana<\/option><option value=\"IA\">Iowa<\/option><option value=\"KS\">Kansas<\/option><option value=\"KY\">Kentucky<\/option><option value=\"LA\">Louisiana<\/option><option value=\"ME\">Maine<\/option><option value=\"MD\">Maryland<\/option><option value=\"MA\">Massachusetts<\/option><option value=\"MI\">Michigan<\/option><option value=\"MN\">Minnesota<\/option><option value=\"MS\">Mississippi<\/option><option value=\"MO\">Missouri<\/option><option value=\"MT\">Montana<\/option><option value=\"NE\">Nebraska<\/option><option value=\"NV\">Nevada<\/option><option value=\"NH\">New Hampshire<\/option><option value=\"NJ\">New Jersey<\/option><option value=\"NM\">New Mexico<\/option><option value=\"NY\">New York<\/option><option value=\"NC\">North Carolina<\/option><option value=\"ND\">North Dakota<\/option><option value=\"OH\">Ohio<\/option><option value=\"OK\">Oklahoma<\/option><option value=\"OR\">Oregon<\/option><option value=\"PA\">Pennsylvania<\/option><option value=\"RI\">Rhode Island<\/option><option value=\"SC\">South Carolina<\/option><option value=\"SD\">South Dakota<\/option><option value=\"TN\">Tennessee<\/option><option value=\"TX\">Texas<\/option><option value=\"UT\">Utah<\/option><option value=\"VT\">Vermont<\/option><option value=\"VA\">Virginia<\/option><option value=\"WA\">Washington<\/option><option value=\"WV\">West Virginia<\/option><option value=\"WI\">Wisconsin<\/option><option value=\"WY\">Wyoming<\/option><option value=\"AA\">Armed Forces (AA)<\/option><option value=\"AE\">Armed Forces (AE)<\/option><option value=\"AP\">Armed Forces (AP)<\/option><option value=\"AS\">American Samoa<\/option><option value=\"GU\">Guam<\/option><option value=\"MP\">Northern Mariana Islands<\/option><option value=\"PR\">Puerto Rico<\/option><option value=\"UM\">US Minor Outlying Islands<\/option><option value=\"VI\">US Virgin Islands<\/option><\/select><\/div>\n<div class=\"vfb-form-group\" style=\"\"><label for=\"vfb-field-37-zip\" class=\"vfb-address-label\">Zip code<\/label><input id=\"vfb-field-37-zip\" class=\"vfb-form-control vfb-addresspart-zip\" placeholder=\"\" type=\"text\" name=\"vfb-field-37[zip]\"><\/div>\n<\/div>\n<\/div>\n<\/div>\n<div class=\"vfb-clearfix\"><\/div>\n<div class=\"vfb-col-12 vfb-fieldType-phone\" id=\"vfbField9\">\n<div class=\"vfb-form-group\"><label for=\"vfb-field-9\" class=\"vfb-control-label\">T\u00e9l\u00e9phone<\/label><\/p>\n<div><input id=\"vfb-field-9\" class=\"vfb-form-control vfb-intl-phone\" placeholder=\"\" type=\"tel\" name=\"vfb-field-9\" value=\"\"><\/div>\n<\/div>\n<\/div>\n<div class=\"vfb-clearfix\"><\/div>\n<div class=\"vfb-col-12 vfb-fieldType-select\" id=\"vfbField18\"><label for=\"vfb-field-18\" class=\"vfb-control-label\">Type d\\'instrument<\/label><\/p>\n<div>\n<div class=\"vfb-form-group\"><select id=\"vfb-field-18\" class=\"vfb-form-control\" placeholder=\"\" name=\"vfb-field-18\"><option value=\"Alto\">Alto<\/option><option value=\"Baryton\">Baryton<\/option><option value=\"Cornet\">Cornet<\/option><option value=\"Euphonium\">Euphonium<\/option><option value=\"Trombone\">Trombone<\/option><option value=\"Trompette\">Trompette<\/option><option value=\"Tuba\">Tuba<\/option><\/select><\/div>\n<\/div>\n<\/div>\n<div class=\"vfb-clearfix\"><\/div>\n<div class=\"vfb-col-12 vfb-fieldType-text\" id=\"vfbField10\">\n<div class=\"vfb-form-group\"><label for=\"vfb-field-10\" class=\"vfb-control-label\">Mod\u00e8le de l\\'instrument<\/label><\/p>\n<div><input id=\"vfb-field-10\" class=\"vfb-form-control\" placeholder=\"\" type=\"text\" name=\"vfb-field-10\" value=\"\"><\/div>\n<\/div>\n<\/div>\n<div class=\"vfb-clearfix\"><\/div>\n<div class=\"vfb-col-12 vfb-fieldType-text\" id=\"vfbField12\">\n<div class=\"vfb-form-group\"><label for=\"vfb-field-12\" class=\"vfb-control-label\">Num\u00e9ro de s\u00e9rie de l\\'instrument<\/label><\/p>\n<div><input id=\"vfb-field-12\" class=\"vfb-form-control\" placeholder=\"\" type=\"text\" name=\"vfb-field-12\" value=\"\"><\/div>\n<\/div>\n<\/div>\n<div class=\"vfb-clearfix\"><\/div>\n<div class=\"vfb-col-12 vfb-fieldType-select\" id=\"vfbField42\"><label for=\"vfb-field-42\" class=\"vfb-control-label\">O\u00f9 avez-vous achet\u00e9 votre instrument ?<\/label><\/p>\n<div>\n<div class=\"vfb-form-group\"><select id=\"vfb-field-42\" class=\"vfb-form-control\" placeholder=\"\" name=\"vfb-field-42\"><option value=\"Dans un magasin de musique\">Dans un magasin de musique<\/option><option value=\"Sur un site marchand g&eacute;n&eacute;raliste (ex. Amazon)\">Sur un site marchand g\u00e9n\u00e9raliste (ex. Amazon)<\/option><option value=\"Sur un site marchand sp&eacute;cialis&eacute; (ex. Woodbrass, Music &amp; Arts)\">Sur un site marchand sp\u00e9cialis\u00e9 (ex. Woodbrass, Music & Arts)<\/option><\/select><\/div>\n<\/div>\n<\/div>\n<div class=\"vfb-clearfix\"><\/div>\n<div class=\"vfb-col-12 vfb-fieldType-radio\" id=\"vfbField40\"><label for=\"vfb-field-40\" class=\"vfb-control-label\">Voulez-vous vous abonner \u00e0 notre newsletter ?<\/label><\/p>\n<div>\n<div class=\"vfb-radio\"><label><input id=\"vfb-field-40-0\" class=\"\" placeholder=\"\" type=\"radio\" name=\"vfb-field-40\" value=\"Je souhaite m\\&#039;inscrire &agrave; la newsletter Besson\">Je souhaite m\\'inscrire \u00e0 la newsletter Besson<\/label><\/div>\n<div class=\"vfb-radio\"><label><input id=\"vfb-field-40-1\" class=\"\" placeholder=\"\" type=\"radio\" name=\"vfb-field-40\" value=\"Je ne souhaite pas m\\&#039;inscrire\">Je ne souhaite pas m\\'inscrire<\/label><\/div>\n<\/div>\n<\/div>\n<div class=\"vfb-clearfix\"><\/div>\n<div class=\"vfb-col-12 vfb-fieldType-instructions\" id=\"vfbField44\">\n<div class=\"vfb-form-group\"><label for=\"vfb-field-44\" class=\"vfb-control-label\"><\/label><\/p>\n<div class=\"\">\n<p>Les informations recueillies sur ce formulaire sont enregistr\u00e9es dans un fichier informatis\u00e9 par Buffet Crampon pour l\\&#8217;envoi de Newsletters<\/p>\n<p>Elles sont conserv\u00e9es pendant 3 ans et sont destin\u00e9es au service Communication de Buffet Crampon<\/p>\n<p>Conform\u00e9ment \u00e0 la loi \\&#8221;Informatique et libert\u00e9s\\&#8221;, vous pouvez exercervotre droit d\\&#8217;acc\u00e8s aux donn\u00e9es vous concernant et les faire rectifier en contactant : rdpg@buffetcrampon.com<\/p>\n<p>Nous vous informons de l\\&#8217;existence de la liste d\\&#8217;opposition au d\u00e9marchage t\u00e9l\u00e9phonique \\&#8221;Bloctel\\&#8221;, sur laquelle vous pouvez vous inscrire ici<br \/>\nhttps:\/\/conso.bloctel.fr<\/p>\n<\/div>\n<\/div>\n<\/div>\n<div class=\"vfb-clearfix\"><\/div>\n<div class=\"vfb-col-12 vfb-fieldType-captcha\" id=\"vfbField45\">\n<div class=\"vfb-form-group\">\n<div>\n<div class=\"g-recaptcha-v3\" data-sitekey=\"6LeMmL4aAAAAAFvCRjSGxhWQ1UjSQfzNTV1hUQDd\"><\/div>\n<p><input type=\"hidden\" name=\"_vfb_recaptcha_enabled\" value=\"1\" id=\"\"><input type=\"hidden\" id=\"g-recaptcha-response\" name=\"g-recaptcha-response\"><\/p>\n<div class=\"vfb-has-error\" id=\"vfb-recaptcha-error\"><span class=\"vfb-help-block\">reCAPTCHA is required.<\/span><\/div>\n<\/div>\n<\/div>\n<\/div>\n<div class=\"vfb-clearfix\"><\/div>\n<div class=\"vfb-col-12 vfb-fieldType-submit\" id=\"vfbField4\"><button id=\"vfb-field-4\" class=\" btn btn-primary\" placeholder=\"\" type=\"submit\" name=\"_vfb-submit\">Valider<\/button><\/div>\n<div class=\"vfb-clearfix\"><\/div>\n<\/form>\n","protected":false},"excerpt":{"rendered":"<p>Dear Musician, We thank you for choosing\u00a0Besson. We know your instrument is precious and\u00a0deserves respect and the best of care. Below are\u00a0simple instructions regarding your instrument\u2019s use, its maintenance and its guarantee.\u00a0Please\u00a0read it carefully and\u00a0do not hesitate to contact any of our resellers for advice. Contractual Guarantee Granted by\u00a0Besson 1. All Besson\u00a0instruments are covered by [&hellip;]<\/p>\n","protected":false},"author":12,"featured_media":0,"parent":0,"menu_order":0,"comment_status":"closed","ping_status":"closed","template":"","meta":{"_acf_changed":false,"_relevanssi_hide_post":"","_relevanssi_pin_for_all":"","_relevanssi_pin_keywords":"","_relevanssi_unpin_keywords":"","_relevanssi_related_keywords":"","_relevanssi_related_include_ids":"","_relevanssi_related_exclude_ids":"","_relevanssi_related_no_append":"","_relevanssi_related_not_related":"","_relevanssi_related_posts":"","_relevanssi_noindex_reason":"","footnotes":""},"class_list":["post-718","page","type-page","status-publish","hentry"],"acf":[],"_links":{"self":[{"href":"http:\/\/besson.buffet-multisite.buffet-preprod-02.modulodigital.com\/ja\/wp-json\/wp\/v2\/pages\/718","targetHints":{"allow":["GET"]}}],"collection":[{"href":"http:\/\/besson.buffet-multisite.buffet-preprod-02.modulodigital.com\/ja\/wp-json\/wp\/v2\/pages"}],"about":[{"href":"http:\/\/besson.buffet-multisite.buffet-preprod-02.modulodigital.com\/ja\/wp-json\/wp\/v2\/types\/page"}],"author":[{"embeddable":true,"href":"http:\/\/besson.buffet-multisite.buffet-preprod-02.modulodigital.com\/ja\/wp-json\/wp\/v2\/users\/12"}],"replies":[{"embeddable":true,"href":"http:\/\/besson.buffet-multisite.buffet-preprod-02.modulodigital.com\/ja\/wp-json\/wp\/v2\/comments?post=718"}],"version-history":[{"count":1,"href":"http:\/\/besson.buffet-multisite.buffet-preprod-02.modulodigital.com\/ja\/wp-json\/wp\/v2\/pages\/718\/revisions"}],"predecessor-version":[{"id":719,"href":"http:\/\/besson.buffet-multisite.buffet-preprod-02.modulodigital.com\/ja\/wp-json\/wp\/v2\/pages\/718\/revisions\/719"}],"wp:attachment":[{"href":"http:\/\/besson.buffet-multisite.buffet-preprod-02.modulodigital.com\/ja\/wp-json\/wp\/v2\/media?parent=718"}],"curies":[{"name":"wp","href":"https:\/\/api.w.org\/{rel}","templated":true}]}}